{"id":493,"date":"2024-03-05T19:00:01","date_gmt":"2024-03-05T18:00:01","guid":{"rendered":"https:\/\/conciergeriedartois.com\/?page_id=493"},"modified":"2024-04-12T16:28:39","modified_gmt":"2024-04-12T14:28:39","slug":"mentions-legales","status":"publish","type":"page","link":"https:\/\/conciergeriedartois.com\/en\/mentions-legales\/","title":{"rendered":"Mentions L\u00e9gales"},"content":{"rendered":"<p>[et_pb_section fb_built=\u00a0\u00bb1&Prime; admin_label=\u00a0\u00bbHeader &#038; Pricing Table\u00a0\u00bb _builder_version=\u00a0\u00bb4.21.0&Prime; _module_preset=\u00a0\u00bbdefault\u00a0\u00bb collapsed=\u00a0\u00bbon\u00a0\u00bb global_colors_info=\u00a0\u00bb{}\u00a0\u00bb][et_pb_row _builder_version=\u00a0\u00bb4.21.0&Prime; _module_preset=\u00a0\u00bbdefault\u00a0\u00bb global_colors_info=\u00a0\u00bb{}\u00a0\u00bb][et_pb_column type=\u00a0\u00bb4_4&Prime; _builder_version=\u00a0\u00bb4.21.0&Prime; _module_preset=\u00a0\u00bbdefault\u00a0\u00bb global_colors_info=\u00a0\u00bb{}\u00a0\u00bb][et_pb_text _builder_version=\u00a0\u00bb4.21.0&Prime; _module_preset=\u00a0\u00bb46ca750d-487c-4f4b-af45-27de75dfadd9&Prime; text_orientation=\u00a0\u00bbcenter\u00a0\u00bb global_colors_info=\u00a0\u00bb{}\u00a0\u00bb]<\/p>\n<h1>Mentions L\u00e9gales<\/h1>\n<p>[\/et_pb_text][\/et_pb_column][\/et_pb_row][\/et_pb_section][et_pb_section fb_built=\u00a0\u00bb1&Prime; custom_padding_last_edited=\u00a0\u00bbon|tablet\u00a0\u00bb admin_label=\u00a0\u00bbCall to Action\u00a0\u00bb _builder_version=\u00a0\u00bb4.21.0&Prime; _module_preset=\u00a0\u00bbdefault\u00a0\u00bb custom_padding=\u00a0\u00bb||50px||false|false\u00a0\u00bb custom_padding_tablet=\u00a0\u00bb||0px||false|true\u00a0\u00bb custom_padding_phone=\u00a0\u00bb||0px||false|true\u00a0\u00bb locked=\u00a0\u00bboff\u00a0\u00bb collapsed=\u00a0\u00bbon\u00a0\u00bb global_colors_info=\u00a0\u00bb{}\u00a0\u00bb][et_pb_row _builder_version=\u00a0\u00bb4.24.2&Prime; _module_preset=\u00a0\u00bbdefault\u00a0\u00bb global_colors_info=\u00a0\u00bb{}\u00a0\u00bb][et_pb_column type=\u00a0\u00bb4_4&Prime; _builder_version=\u00a0\u00bb4.24.2&Prime; _module_preset=\u00a0\u00bbdefault\u00a0\u00bb global_colors_info=\u00a0\u00bb{}\u00a0\u00bb][et_pb_text _builder_version=\u00a0\u00bb4.24.2&Prime; _module_preset=\u00a0\u00bbc5f7a7b9-49c1-4fd2-b348-26e48f4d8e4e\u00a0\u00bb global_colors_info=\u00a0\u00bb{}\u00a0\u00bb]<\/p>\n<p class=\"p1\"><span style=\"color: #000000;\"><strong>Informations l\u00e9gales :<\/strong><\/span><\/p>\n<p class=\"p1\"><span style=\"color: #000000;\">Statut du propri\u00e9taire : soci\u00e9t\u00e9 (en cours de cr\u00e9ation)<\/span><\/p>\n<p class=\"p1\"><span style=\"color: #000000;\">Pr\u00e9fixe : SAS (en cours de cr\u00e9ation)<\/span><\/p>\n<p class=\"p1\"><span style=\"color: #000000;\">Nom de la Soci\u00e9t\u00e9 : Conciergerie d\u2019Artois (en cours de cr\u00e9ation)<\/span><\/p>\n<p class=\"p1\"><span style=\"color: #000000;\">Adresse : 33 rue de Berri, 75008 Paris<\/span><\/p>\n<p class=\"p1\"><span style=\"color: #000000;\">T\u00e9l : 0756869132<\/span><\/p>\n<p class=\"p2\"><span class=\"s1\" style=\"color: #000000;\">Adresse \u00e9lectronique :\u00a0<a href=\"mailto:contact@conciergeriedartois.com\" style=\"color: #000000;\"><span class=\"s2\">contact@conciergeriedartois.com<\/span><\/a><\/span><\/p>\n<p class=\"p1\"><span style=\"color: #000000;\">Le Cr\u00e9ateur du site est : Ads&amp;cy<\/span><\/p>\n<p class=\"p1\"><span style=\"color: #000000;\">L\u2019h\u00e9bergeur du site est : OVH SAS. 2 rue Kellermann &#8211; 59100 Roubaix &#8211; France<\/span><\/p>\n<p class=\"p1\"><span style=\"color: #000000;\"><b>2. Description des services fournis :<\/b><\/span><\/p>\n<p class=\"p1\"><span style=\"color: #000000;\">Le site\u00a0<a href=\"http:\/\/www.conciergeriedartois.com\" style=\"color: #000000;\"><span class=\"s3\">www.conciergeriedartois.com<\/span><\/a> a pour objet de fournir une information concernant l\u2019ensemble des activit\u00e9s de la soci\u00e9t\u00e9.<\/span><\/p>\n<p class=\"p1\"><span style=\"color: #000000;\">Le propri\u00e9taire du site s\u2019efforce de fournir sur le site\u00a0<a href=\"http:\/\/www.conciergeriedartois.com\" style=\"color: #000000;\"><span class=\"s3\">www.conciergeriedartois.com<\/span><\/a>\u00a0des informations aussi pr\u00e9cises que possible. Toutefois, il ne pourra \u00eatre tenue responsable des omissions, des inexactitudes et des carences dans la mise \u00e0 jour, qu\u2019elles soient de son fait ou du fait des tiers partenaires qui lui fournissent ces informations.<\/span><\/p>\n<p class=\"p1\"><span style=\"color: #000000;\">Tous les informations propos\u00e9es sur le site\u00a0<a href=\"http:\/\/www.conciergeriedartois.com\" style=\"color: #000000;\"><span class=\"s3\">www.conciergeriedartois.com<\/span><\/a>\u00a0sont donn\u00e9es \u00e0 titre indicatif, sont non exhaustives, et sont susceptibles d\u2019\u00e9voluer. Elles sont donn\u00e9es sous r\u00e9serve de modifications ayant \u00e9t\u00e9 apport\u00e9es depuis leur mise en ligne.<\/span><\/p>\n<p class=\"p1\"><span style=\"color: #000000;\"><b>3. Propri\u00e9t\u00e9 intellectuelle et contrefa\u00e7ons :<\/b><\/span><\/p>\n<p class=\"p1\"><span style=\"color: #000000;\">Le propri\u00e9taire du site est propri\u00e9taire des droits de propri\u00e9t\u00e9 intellectuelle ou d\u00e9tient les droits d\u2019usage sur tous les \u00e9l\u00e9ments accessibles sur le site, notamment les textes, images, graphismes, logo, ic\u00f4nes, sons, logiciels\u2026<\/span><\/p>\n<p class=\"p1\"><span style=\"color: #000000;\">Toute reproduction, repr\u00e9sentation, modification, publication, adaptation totale ou partielle des \u00e9l\u00e9ments du site, quel que soit le moyen ou le proc\u00e9d\u00e9 utilis\u00e9, est interdite, sauf autorisation \u00e9crite pr\u00e9alable \u00e0 l&#8217;email :\u00a0<a href=\"mailto:contact@conciergeriedartois.com\" style=\"color: #000000;\"><span class=\"s3\">contact@conciergeriedartois.com<\/span><\/a>\u00a0de ces \u00e9l\u00e9ments qu\u2019il contient sera consid\u00e9r\u00e9e comme constitutive d\u2019une contrefa\u00e7on et p\u00e9nalement sanctionn\u00e9e.<\/span><\/p>\n<p class=\"p1\"><span style=\"color: #000000;\"><b>4. Liens hypertextes et cookies :<\/b><\/span><\/p>\n<p class=\"p1\"><span style=\"color: #000000;\">Le site\u00a0<a href=\"http:\/\/www.conciergeriedartois.com\" style=\"color: #000000;\"><span class=\"s3\">www.conciergeriedartois.com<\/span><\/a>\u00a0contient un certain nombre de liens hypertextes vers d\u2019autres sites (partenaires, informations \u2026) mis en place avec l\u2019autorisation du propri\u00e9taire du site. Cependant, le propri\u00e9taire du site n\u2019a pas la possibilit\u00e9 de v\u00e9rifier le contenu des sites ainsi visit\u00e9s et d\u00e9cline donc toute responsabilit\u00e9 de ce fait quant aux risques \u00e9ventuels de contenus illicites.<\/span><\/p>\n<p class=\"p1\"><span style=\"color: #000000;\">L\u2019utilisateur est inform\u00e9 que lors de ses visites sur le site\u00a0<a href=\"http:\/\/www.conciergeriedartois.com\" style=\"color: #000000;\"><span class=\"s3\">www.conciergeriedartois.com<\/span><\/a>, un ou des cookies sont susceptible de s\u2019installer automatiquement sur son ordinateur. Un cookie est un fichier de petite taille, qui ne permet pas l\u2019identification de l\u2019utilisateur, mais qui enregistre des informations relatives \u00e0 la navigation d\u2019un ordinateur sur un site. Les donn\u00e9es ainsi obtenues visent \u00e0 faciliter la navigation ult\u00e9rieure sur le site, et ont \u00e9galement vocation \u00e0 permettre diverses mesures de fr\u00e9quentation.<\/span><\/p>\n<p class=\"p1\"><span style=\"color: #000000;\">Le refus d\u2019installation d\u2019un cookie peut entra\u00eener l\u2019impossibilit\u00e9 d\u2019acc\u00e9der \u00e0 certains services. L\u2019utilisateur peut toutefois configurer son ordinateur de la mani\u00e8re suivante, pour refuser l\u2019installation des cookies.<\/span><\/p>\n<p class=\"p1\"><span style=\"color: #000000;\"><b>5. Protection des biens et des personnes &#8211; gestion des donn\u00e9es personnelles :<\/b><\/span><\/p>\n<p class=\"p1\"><span style=\"color: #000000;\">Utilisateur : Internaute se connectant, utilisant le site susnomm\u00e9 :\u00a0<a href=\"http:\/\/www.conciergeriedartois.com\" style=\"color: #000000;\"><span class=\"s3\">www.conciergeriedartois.com<\/span><\/a><\/span><\/p>\n<p class=\"p1\"><span style=\"color: #000000;\">Sur le site\u00a0<a href=\"http:\/\/www.conciergeriedartois.com\" style=\"color: #000000;\"><span class=\"s3\">www.conciergeriedartois.com<\/span><\/a>, le propri\u00e9taire du site ne collecte des informations personnelles relatives \u00e0 l&rsquo;utilisateur que pour le besoin de certains services propos\u00e9s par le site\u00a0<a href=\"http:\/\/www.conciergeriedartois.com\" style=\"color: #000000;\"><span class=\"s3\">www.conciergeriedartois.com<\/span><\/a>. L&rsquo;utilisateur fournit ces informations en toute connaissance de cause, notamment lorsqu&rsquo;il proc\u00e8de par lui-m\u00eame \u00e0 leur saisie. Il est alors pr\u00e9cis\u00e9 \u00e0 l&rsquo;utilisateur du site\u00a0<a href=\"http:\/\/www.conciergeriedartois.com\" style=\"color: #000000;\"><span class=\"s3\">www.conciergeriedartois.com<\/span><\/a>\u00a0\u00a0l\u2019obligation ou non de fournir ces informations.<\/span><\/p>\n<p class=\"p1\"><span style=\"color: #000000;\">Tout utilisateur dispose d\u2019un droit d\u2019acc\u00e8s, de rectification, de suppression et d\u2019opposition aux donn\u00e9es personnelles le concernant. Pour l\u2019exercer, adressez votre demande \u00e0\u00a0<a href=\"http:\/\/www.conciergeriedartois.com\" style=\"color: #000000;\"><span class=\"s3\">www.conciergeriedartois.com<\/span><\/a>\u00a0par email :\u00a0<a href=\"mailto:contact@conciergeriedartois.com\" style=\"color: #000000;\"><span class=\"s3\">contact@conciergeriedartois.com<\/span><\/a>\u00a0ou en effectuant sa demande \u00e9crite et sign\u00e9e, accompagn\u00e9e d\u2019une copie du titre d\u2019identit\u00e9 avec signature du titulaire de la pi\u00e8ce, en pr\u00e9cisant l\u2019adresse \u00e0 laquelle la r\u00e9ponse doit \u00eatre envoy\u00e9e.<\/span><\/p>\n<p class=\"p1\"><span style=\"color: #000000;\">Aucune information personnelle de l&rsquo;utilisateur du site\u00a0<a href=\"http:\/\/www.conciergeriedartois.com\" style=\"color: #000000;\"><span class=\"s3\">www.conciergeriedartois.com<\/span><\/a>\u00a0n&rsquo;est publi\u00e9e \u00e0 l&rsquo;insu de l&rsquo;utilisateur, \u00e9chang\u00e9e, transf\u00e9r\u00e9e, c\u00e9d\u00e9e ou vendue sur un support quelconque \u00e0 des tiers. Seule l&rsquo;hypoth\u00e8se du rachat du site\u00a0<a href=\"http:\/\/www.conciergeriedartois.com\" style=\"color: #000000;\"><span class=\"s3\">www.conciergeriedartois.com<\/span><\/a>\u00a0au propri\u00e9taire du site et de ses droits permettrait la transmission des dites informations \u00e0 l&rsquo;\u00e9ventuel acqu\u00e9reur qui serait \u00e0 son tour tenu de la m\u00eame obligation de conservation et de modification des donn\u00e9es vis \u00e0 vis de l&rsquo;utilisateur du site\u00a0<a href=\"http:\/\/www.conciergeriedartois.com\" style=\"color: #000000;\"><span class=\"s3\">www.conciergeriedartois.com<\/span><\/a><\/span><\/p>\n<p>[\/et_pb_text][\/et_pb_column][\/et_pb_row][\/et_pb_section]<\/p>\n","protected":false},"excerpt":{"rendered":"<p>Mentions L\u00e9galesInformations l\u00e9gales : Statut du propri\u00e9taire : soci\u00e9t\u00e9 (en cours de cr\u00e9ation) Pr\u00e9fixe : SAS (en cours de cr\u00e9ation) Nom de la Soci\u00e9t\u00e9 : Conciergerie d\u2019Artois (en cours de cr\u00e9ation) Adresse : 33 rue de Berri, 75008 Paris T\u00e9l : 0756869132 Adresse \u00e9lectronique :\u00a0contact@conciergeriedartois.com Le Cr\u00e9ateur du site est : Ads&amp;cy L\u2019h\u00e9bergeur du site [&hellip;]<\/p>\n","protected":false},"author":1,"featured_media":0,"parent":0,"menu_order":0,"comment_status":"closed","ping_status":"closed","template":"","meta":{"_et_pb_use_builder":"on","_et_pb_old_content":"","_et_gb_content_width":"","_joinchat":[],"footnotes":""},"class_list":["post-493","page","type-page","status-publish","hentry"],"yoast_head":"<!-- This site is optimized with the Yoast SEO plugin v27.4 - https:\/\/yoast.com\/product\/yoast-seo-wordpress\/ -->\n<title>Mentions L\u00e9gales - Conciergerie d&#039;Artois<\/title>\n<meta name=\"robots\" content=\"index, follow, max-snippet:-1, max-image-preview:large, max-video-preview:-1\" \/>\n<link rel=\"canonical\" href=\"https:\/\/conciergeriedartois.com\/en\/mentions-legales\/\" \/>\n<meta property=\"og:locale\" content=\"en_GB\" \/>\n<meta property=\"og:type\" content=\"article\" \/>\n<meta property=\"og:title\" content=\"Mentions L\u00e9gales - Conciergerie d&#039;Artois\" \/>\n<meta property=\"og:description\" content=\"Mentions L\u00e9galesInformations l\u00e9gales : Statut du propri\u00e9taire : soci\u00e9t\u00e9 (en cours de cr\u00e9ation) Pr\u00e9fixe : SAS (en cours de cr\u00e9ation) Nom de la Soci\u00e9t\u00e9 : Conciergerie d\u2019Artois (en cours de cr\u00e9ation) Adresse : 33 rue de Berri, 75008 Paris T\u00e9l : 0756869132 Adresse \u00e9lectronique :\u00a0contact@conciergeriedartois.com Le Cr\u00e9ateur du site est : Ads&amp;cy L\u2019h\u00e9bergeur du site [&hellip;]\" \/>\n<meta property=\"og:url\" content=\"https:\/\/conciergeriedartois.com\/en\/mentions-legales\/\" \/>\n<meta property=\"og:site_name\" content=\"Conciergerie d&#039;Artois\" \/>\n<meta property=\"article:modified_time\" content=\"2024-04-12T14:28:39+00:00\" \/>\n<meta name=\"twitter:card\" content=\"summary_large_image\" \/>\n<script type=\"application\/ld+json\" class=\"yoast-schema-graph\">{\"@context\":\"https:\\\/\\\/schema.org\",\"@graph\":[{\"@type\":\"WebPage\",\"@id\":\"https:\\\/\\\/conciergeriedartois.com\\\/mentions-legales\\\/\",\"url\":\"https:\\\/\\\/conciergeriedartois.com\\\/mentions-legales\\\/\",\"name\":\"Mentions L\u00e9gales - Conciergerie d&#039;Artois\",\"isPartOf\":{\"@id\":\"https:\\\/\\\/conciergeriedartois.com\\\/#website\"},\"datePublished\":\"2024-03-05T18:00:01+00:00\",\"dateModified\":\"2024-04-12T14:28:39+00:00\",\"breadcrumb\":{\"@id\":\"https:\\\/\\\/conciergeriedartois.com\\\/mentions-legales\\\/#breadcrumb\"},\"inLanguage\":\"en-GB\",\"potentialAction\":[{\"@type\":\"ReadAction\",\"target\":[\"https:\\\/\\\/conciergeriedartois.com\\\/mentions-legales\\\/\"]}]},{\"@type\":\"BreadcrumbList\",\"@id\":\"https:\\\/\\\/conciergeriedartois.com\\\/mentions-legales\\\/#breadcrumb\",\"itemListElement\":[{\"@type\":\"ListItem\",\"position\":1,\"name\":\"Accueil\",\"item\":\"https:\\\/\\\/conciergeriedartois.com\\\/\"},{\"@type\":\"ListItem\",\"position\":2,\"name\":\"Mentions L\u00e9gales\"}]},{\"@type\":\"WebSite\",\"@id\":\"https:\\\/\\\/conciergeriedartois.com\\\/#website\",\"url\":\"https:\\\/\\\/conciergeriedartois.com\\\/\",\"name\":\"Conciergerie d&#039;Artois\",\"description\":\"\",\"potentialAction\":[{\"@type\":\"SearchAction\",\"target\":{\"@type\":\"EntryPoint\",\"urlTemplate\":\"https:\\\/\\\/conciergeriedartois.com\\\/?s={search_term_string}\"},\"query-input\":{\"@type\":\"PropertyValueSpecification\",\"valueRequired\":true,\"valueName\":\"search_term_string\"}}],\"inLanguage\":\"en-GB\"}]}<\/script>\n<!-- \/ Yoast SEO plugin. -->","yoast_head_json":{"title":"Mentions L\u00e9gales - Conciergerie d&#039;Artois","robots":{"index":"index","follow":"follow","max-snippet":"max-snippet:-1","max-image-preview":"max-image-preview:large","max-video-preview":"max-video-preview:-1"},"canonical":"https:\/\/conciergeriedartois.com\/en\/mentions-legales\/","og_locale":"en_GB","og_type":"article","og_title":"Mentions L\u00e9gales - Conciergerie d&#039;Artois","og_description":"Mentions L\u00e9galesInformations l\u00e9gales : Statut du propri\u00e9taire : soci\u00e9t\u00e9 (en cours de cr\u00e9ation) Pr\u00e9fixe : SAS (en cours de cr\u00e9ation) Nom de la Soci\u00e9t\u00e9 : Conciergerie d\u2019Artois (en cours de cr\u00e9ation) Adresse : 33 rue de Berri, 75008 Paris T\u00e9l : 0756869132 Adresse \u00e9lectronique :\u00a0contact@conciergeriedartois.com Le Cr\u00e9ateur du site est : Ads&amp;cy L\u2019h\u00e9bergeur du site [&hellip;]","og_url":"https:\/\/conciergeriedartois.com\/en\/mentions-legales\/","og_site_name":"Conciergerie d&#039;Artois","article_modified_time":"2024-04-12T14:28:39+00:00","twitter_card":"summary_large_image","schema":{"@context":"https:\/\/schema.org","@graph":[{"@type":"WebPage","@id":"https:\/\/conciergeriedartois.com\/mentions-legales\/","url":"https:\/\/conciergeriedartois.com\/mentions-legales\/","name":"Mentions L\u00e9gales - Conciergerie d&#039;Artois","isPartOf":{"@id":"https:\/\/conciergeriedartois.com\/#website"},"datePublished":"2024-03-05T18:00:01+00:00","dateModified":"2024-04-12T14:28:39+00:00","breadcrumb":{"@id":"https:\/\/conciergeriedartois.com\/mentions-legales\/#breadcrumb"},"inLanguage":"en-GB","potentialAction":[{"@type":"ReadAction","target":["https:\/\/conciergeriedartois.com\/mentions-legales\/"]}]},{"@type":"BreadcrumbList","@id":"https:\/\/conciergeriedartois.com\/mentions-legales\/#breadcrumb","itemListElement":[{"@type":"ListItem","position":1,"name":"Accueil","item":"https:\/\/conciergeriedartois.com\/"},{"@type":"ListItem","position":2,"name":"Mentions L\u00e9gales"}]},{"@type":"WebSite","@id":"https:\/\/conciergeriedartois.com\/#website","url":"https:\/\/conciergeriedartois.com\/","name":"Conciergerie d&#039;Artois","description":"","potentialAction":[{"@type":"SearchAction","target":{"@type":"EntryPoint","urlTemplate":"https:\/\/conciergeriedartois.com\/?s={search_term_string}"},"query-input":{"@type":"PropertyValueSpecification","valueRequired":true,"valueName":"search_term_string"}}],"inLanguage":"en-GB"}]}},"_links":{"self":[{"href":"https:\/\/conciergeriedartois.com\/en\/wp-json\/wp\/v2\/pages\/493","targetHints":{"allow":["GET"]}}],"collection":[{"href":"https:\/\/conciergeriedartois.com\/en\/wp-json\/wp\/v2\/pages"}],"about":[{"href":"https:\/\/conciergeriedartois.com\/en\/wp-json\/wp\/v2\/types\/page"}],"author":[{"embeddable":true,"href":"https:\/\/conciergeriedartois.com\/en\/wp-json\/wp\/v2\/users\/1"}],"replies":[{"embeddable":true,"href":"https:\/\/conciergeriedartois.com\/en\/wp-json\/wp\/v2\/comments?post=493"}],"version-history":[{"count":3,"href":"https:\/\/conciergeriedartois.com\/en\/wp-json\/wp\/v2\/pages\/493\/revisions"}],"predecessor-version":[{"id":808,"href":"https:\/\/conciergeriedartois.com\/en\/wp-json\/wp\/v2\/pages\/493\/revisions\/808"}],"wp:attachment":[{"href":"https:\/\/conciergeriedartois.com\/en\/wp-json\/wp\/v2\/media?parent=493"}],"curies":[{"name":"wp","href":"https:\/\/api.w.org\/{rel}","templated":true}]}}